{"id":2538,"date":"2024-01-26T09:46:50","date_gmt":"2024-01-26T08:46:50","guid":{"rendered":"https:\/\/egoitalianostore.com\/milano\/prodotto\/belter\/"},"modified":"2024-01-26T09:46:50","modified_gmt":"2024-01-26T08:46:50","slug":"belter","status":"publish","type":"product","link":"https:\/\/egoitalianostore.com\/milano\/prodotti\/divani\/belter\/","title":{"rendered":"Belter"},"content":{"rendered":"<p>BELTER \u00e8 il divano dal design minimale e dalla comodit\u00e0 avvolgente. \u00c8 disponibile anche nella versione relax con meccanismo combinato schienale-poggiapiedi.<br \/>\nIl suo stile semplice ma di impatto lo rende perfetto per i living spaziosi e moderni.<br \/>\nDisponibile con rivestimento in pelle, tessuto o microfibra.<\/p>\n","protected":false},"excerpt":{"rendered":"<p>BELTER \u00e8 il divano dal design minimale e dalla comodit\u00e0 avvolgente. \u00c8 disponibile anche nella versione relax con meccanismo combinato schienale-poggiapiedi.<br \/>\nIl suo stile semplice ma di impatto lo rende perfetto per i living spaziosi e moderni.<br \/>\nDisponibile con rivestimento in pelle, tessuto o microfibra.<\/p>\n","protected":false},"featured_media":1184,"comment_status":"open","ping_status":"closed","template":"","meta":{"_acf_changed":false,"_crosspost_to_1":false,"_crosspost_to_4":false,"_crosspost_to_8":false,"_crosspost_to_9":false,"_crosspost_to_10":false,"_crosspost_to_12":false,"_crosspost_to_13":false,"_crosspost_to_14":false,"_crosspost_to_15":false,"_crosspost_to_16":false,"_crosspost_to_17":false,"_crosspost_to_18":false,"_crosspost_to_19":false,"_crosspost_to_22":false,"_crosspost_to_23":false,"_crosspost_to_25":false,"_crosspost_to_26":false,"_crosspost_to_28":false,"_crosspost_to_29":false,"_crosspost_to_32":false,"_crosspost_to_33":false,"_crosspost_to_38":false,"_crosspost_to_39":false,"_crosspost_to_41":false,"_crosspost_to_42":false,"_crosspost_to_43":false},"product_brand":[],"product_cat":[13,42],"product_tag":[],"class_list":{"0":"post-2538","1":"product","2":"type-product","3":"status-publish","4":"has-post-thumbnail","6":"product_cat-divani","7":"product_cat-novita","9":"first","10":"instock","11":"shipping-taxable","12":"product-type-simple"},"acf":[],"_links":{"self":[{"href":"https:\/\/egoitalianostore.com\/milano\/wp-json\/wp\/v2\/product\/2538","targetHints":{"allow":["GET"]}}],"collection":[{"href":"https:\/\/egoitalianostore.com\/milano\/wp-json\/wp\/v2\/product"}],"about":[{"href":"https:\/\/egoitalianostore.com\/milano\/wp-json\/wp\/v2\/types\/product"}],"replies":[{"embeddable":true,"href":"https:\/\/egoitalianostore.com\/milano\/wp-json\/wp\/v2\/comments?post=2538"}],"wp:featuredmedia":[{"embeddable":true,"href":"https:\/\/egoitalianostore.com\/milano\/wp-json\/wp\/v2\/media\/1184"}],"wp:attachment":[{"href":"https:\/\/egoitalianostore.com\/milano\/wp-json\/wp\/v2\/media?parent=2538"}],"wp:term":[{"taxonomy":"product_brand","embeddable":true,"href":"https:\/\/egoitalianostore.com\/milano\/wp-json\/wp\/v2\/product_brand?post=2538"},{"taxonomy":"product_cat","embeddable":true,"href":"https:\/\/egoitalianostore.com\/milano\/wp-json\/wp\/v2\/product_cat?post=2538"},{"taxonomy":"product_tag","embeddable":true,"href":"https:\/\/egoitalianostore.com\/milano\/wp-json\/wp\/v2\/product_tag?post=2538"}],"curies":[{"name":"wp","href":"https:\/\/api.w.org\/{rel}","templated":true}]}}