{"id":2626,"date":"2024-01-26T16:15:00","date_gmt":"2024-01-26T15:15:00","guid":{"rendered":"https:\/\/egoitalianostore.com\/milano\/prodotto\/masu\/"},"modified":"2024-01-26T16:15:00","modified_gmt":"2024-01-26T15:15:00","slug":"masu","status":"publish","type":"product","link":"https:\/\/egoitalianostore.com\/milano\/prodotti\/divani\/masu\/","title":{"rendered":"Mas\u00f9"},"content":{"rendered":"<p>Comfort, eleganza, praticit\u00e0 e leggerezza, \u00e8 questo il manifesto dello stile MAS\u00d9. Il nuovo divano disegnato dal Centro Stile Egoitaliano, \u00e8 caratterizzato da un meccanismo manuale che rende possibile lo spostamento degli schienali verso l\u2019alto aumentando cos\u00ec, oltre al comfort, anche la profondit\u00e0 delle sedute. Le trapuntate sul retro della scocca e i poggiareni a rullo confermano l\u2019attenzione ai dettagli che caratterizza ogni collezione Egoitaliano. I piedini alti e stilizzati in metallo possono essere realizzati in diversi colori per fare del divano un un pezzo unico dal design esclusivo e originale.<\/p>\n","protected":false},"excerpt":{"rendered":"<p>Comfort, eleganza, praticit\u00e0 e leggerezza, \u00e8 questo il manifesto dello stile MAS\u00d9. Il nuovo divano disegnato dal Centro Stile Egoitaliano, \u00e8 caratterizzato da un meccanismo manuale che rende possibile lo spostamento degli schienali verso l\u2019alto aumentando cos\u00ec, oltre al comfort, anche la profondit\u00e0 delle sedute. Le trapuntate sul retro della scocca e i poggiareni a rullo confermano l\u2019attenzione ai dettagli che caratterizza ogni collezione Egoitaliano. I piedini alti e stilizzati in metallo possono essere realizzati in diversi colori per fare del divano un un pezzo unico dal design esclusivo e originale.<\/p>\n","protected":false},"featured_media":1592,"comment_status":"open","ping_status":"closed","template":"","meta":{"_acf_changed":false,"_crosspost_to_1":false,"_crosspost_to_4":false,"_crosspost_to_8":false,"_crosspost_to_9":false,"_crosspost_to_10":false,"_crosspost_to_12":false,"_crosspost_to_13":false,"_crosspost_to_14":false,"_crosspost_to_15":false,"_crosspost_to_16":false,"_crosspost_to_17":false,"_crosspost_to_18":false,"_crosspost_to_19":false,"_crosspost_to_22":false,"_crosspost_to_23":false,"_crosspost_to_25":false,"_crosspost_to_26":false,"_crosspost_to_28":false,"_crosspost_to_29":false,"_crosspost_to_32":false,"_crosspost_to_33":false,"_crosspost_to_38":false,"_crosspost_to_39":false,"_crosspost_to_41":false,"_crosspost_to_42":false,"_crosspost_to_43":false},"product_brand":[],"product_cat":[13,42],"product_tag":[],"class_list":{"0":"post-2626","1":"product","2":"type-product","3":"status-publish","4":"has-post-thumbnail","6":"product_cat-divani","7":"product_cat-novita","9":"first","10":"instock","11":"shipping-taxable","12":"product-type-simple"},"acf":[],"_links":{"self":[{"href":"https:\/\/egoitalianostore.com\/milano\/wp-json\/wp\/v2\/product\/2626","targetHints":{"allow":["GET"]}}],"collection":[{"href":"https:\/\/egoitalianostore.com\/milano\/wp-json\/wp\/v2\/product"}],"about":[{"href":"https:\/\/egoitalianostore.com\/milano\/wp-json\/wp\/v2\/types\/product"}],"replies":[{"embeddable":true,"href":"https:\/\/egoitalianostore.com\/milano\/wp-json\/wp\/v2\/comments?post=2626"}],"wp:featuredmedia":[{"embeddable":true,"href":"https:\/\/egoitalianostore.com\/milano\/wp-json\/wp\/v2\/media\/1592"}],"wp:attachment":[{"href":"https:\/\/egoitalianostore.com\/milano\/wp-json\/wp\/v2\/media?parent=2626"}],"wp:term":[{"taxonomy":"product_brand","embeddable":true,"href":"https:\/\/egoitalianostore.com\/milano\/wp-json\/wp\/v2\/product_brand?post=2626"},{"taxonomy":"product_cat","embeddable":true,"href":"https:\/\/egoitalianostore.com\/milano\/wp-json\/wp\/v2\/product_cat?post=2626"},{"taxonomy":"product_tag","embeddable":true,"href":"https:\/\/egoitalianostore.com\/milano\/wp-json\/wp\/v2\/product_tag?post=2626"}],"curies":[{"name":"wp","href":"https:\/\/api.w.org\/{rel}","templated":true}]}}