{"id":2641,"date":"2024-01-26T16:01:01","date_gmt":"2024-01-26T15:01:01","guid":{"rendered":"https:\/\/egoitalianostore.com\/milano\/prodotto\/sophia-2\/"},"modified":"2024-01-26T16:01:01","modified_gmt":"2024-01-26T15:01:01","slug":"sophia-2","status":"publish","type":"product","link":"https:\/\/egoitalianostore.com\/milano\/prodotti\/divani\/sophia-2\/","title":{"rendered":"Sophia"},"content":{"rendered":"<p>Dai un tocco nordic vintage al tuo salotto con il divano SOPHIA. Disponibile in pi\u00f9 di 500 rivestimenti colorati, lo stile retr\u00f2 del divano SOPHIA \u00e8 sottolineato dai piedini a spillo in metallo verniciato nero. Dello stesso modello \u00e8 disponibile anche la versione<a href=\"https:\/\/www.egoitaliano.com\/prodotti\/poltrona-sophia\/\" rel=\"nofollow noopener\" target=\"_blank\">\u00a0poltrona<\/a>.<\/p>\n","protected":false},"excerpt":{"rendered":"<p>Dai un tocco nordic vintage al tuo salotto con il divano SOPHIA. Disponibile in pi\u00f9 di 500 rivestimenti colorati, lo stile retr\u00f2 del divano SOPHIA \u00e8 sottolineato dai piedini a spillo in metallo verniciato nero. Dello stesso modello \u00e8 disponibile anche la versione<a href=\"https:\/\/www.egoitaliano.com\/prodotti\/poltrona-sophia\/\">\u00a0poltrona<\/a>.<\/p>\n","protected":false},"featured_media":1961,"comment_status":"open","ping_status":"closed","template":"","meta":{"_acf_changed":false,"_crosspost_to_1":false,"_crosspost_to_4":false,"_crosspost_to_8":false,"_crosspost_to_9":false,"_crosspost_to_10":false,"_crosspost_to_12":false,"_crosspost_to_13":false,"_crosspost_to_14":false,"_crosspost_to_15":false,"_crosspost_to_16":false,"_crosspost_to_17":false,"_crosspost_to_18":false,"_crosspost_to_19":false,"_crosspost_to_22":false,"_crosspost_to_23":false,"_crosspost_to_25":false,"_crosspost_to_26":false,"_crosspost_to_28":false,"_crosspost_to_29":false,"_crosspost_to_32":false,"_crosspost_to_33":false,"_crosspost_to_38":false,"_crosspost_to_39":false,"_crosspost_to_41":false,"_crosspost_to_42":false,"_crosspost_to_43":false},"product_brand":[],"product_cat":[13],"product_tag":[],"class_list":{"0":"post-2641","1":"product","2":"type-product","3":"status-publish","4":"has-post-thumbnail","6":"product_cat-divani","8":"first","9":"instock","10":"shipping-taxable","11":"product-type-simple"},"acf":[],"_links":{"self":[{"href":"https:\/\/egoitalianostore.com\/milano\/wp-json\/wp\/v2\/product\/2641","targetHints":{"allow":["GET"]}}],"collection":[{"href":"https:\/\/egoitalianostore.com\/milano\/wp-json\/wp\/v2\/product"}],"about":[{"href":"https:\/\/egoitalianostore.com\/milano\/wp-json\/wp\/v2\/types\/product"}],"replies":[{"embeddable":true,"href":"https:\/\/egoitalianostore.com\/milano\/wp-json\/wp\/v2\/comments?post=2641"}],"wp:featuredmedia":[{"embeddable":true,"href":"https:\/\/egoitalianostore.com\/milano\/wp-json\/wp\/v2\/media\/1961"}],"wp:attachment":[{"href":"https:\/\/egoitalianostore.com\/milano\/wp-json\/wp\/v2\/media?parent=2641"}],"wp:term":[{"taxonomy":"product_brand","embeddable":true,"href":"https:\/\/egoitalianostore.com\/milano\/wp-json\/wp\/v2\/product_brand?post=2641"},{"taxonomy":"product_cat","embeddable":true,"href":"https:\/\/egoitalianostore.com\/milano\/wp-json\/wp\/v2\/product_cat?post=2641"},{"taxonomy":"product_tag","embeddable":true,"href":"https:\/\/egoitalianostore.com\/milano\/wp-json\/wp\/v2\/product_tag?post=2641"}],"curies":[{"name":"wp","href":"https:\/\/api.w.org\/{rel}","templated":true}]}}