{"id":2652,"date":"2024-01-26T16:20:55","date_gmt":"2024-01-26T15:20:55","guid":{"rendered":"https:\/\/egoitalianostore.com\/milano\/prodotto\/yuki-2\/"},"modified":"2024-01-26T17:03:08","modified_gmt":"2024-01-26T16:03:08","slug":"divano-yuki","status":"publish","type":"product","link":"https:\/\/egoitalianostore.com\/milano\/prodotti\/divani\/divano-yuki\/","title":{"rendered":"Yuki"},"content":{"rendered":"<p>Un\u2019esplosione di colore \u00e8 quella garantita da YUKI, una linea di prodotti rivestita in tessuto stretch con simpatici dettagli in lycra. Giocate su una palette pop, spinta e irriverente, le forme ossimoriche di YUKI, morbide e spigolose allo stesso tempo, plasmano il living come uno spazio creativo che non ha paura di mostrarsi nella sua estrosit\u00e0, originalit\u00e0 ed eccesso di colore. Chicca della collezione \u00e8 la\u00a0<a href=\"https:\/\/www.egoitaliano.com\/prodotti\/poltrona-yuki\/\" rel=\"nofollow noopener\" target=\"_blank\">poltroncina<\/a>\u00a0con piedini alti a spillo rivestiti in lycra colorata.<\/p>\n","protected":false},"excerpt":{"rendered":"<p>Un\u2019esplosione di colore \u00e8 quella garantita da YUKI, una linea di prodotti rivestita in tessuto stretch con simpatici dettagli in lycra. Giocate su una palette pop, spinta e irriverente, le forme ossimoriche di YUKI, morbide e spigolose allo stesso tempo, plasmano il living come uno spazio creativo che non ha paura di mostrarsi nella sua estrosit\u00e0, originalit\u00e0 ed eccesso di colore. Chicca della collezione \u00e8 la\u00a0<a href=\"https:\/\/www.egoitaliano.com\/prodotti\/poltrona-yuki\/\">poltroncina<\/a>\u00a0con piedini alti a spillo rivestiti in lycra colorata.<\/p>\n","protected":false},"featured_media":1598,"comment_status":"open","ping_status":"closed","template":"","meta":{"_acf_changed":false,"_crosspost_to_1":false,"_crosspost_to_4":false,"_crosspost_to_8":false,"_crosspost_to_9":false,"_crosspost_to_10":false,"_crosspost_to_12":false,"_crosspost_to_13":false,"_crosspost_to_14":false,"_crosspost_to_15":false,"_crosspost_to_16":false,"_crosspost_to_17":false,"_crosspost_to_18":false,"_crosspost_to_19":false,"_crosspost_to_22":false,"_crosspost_to_23":false,"_crosspost_to_25":false,"_crosspost_to_26":false,"_crosspost_to_28":false,"_crosspost_to_29":false,"_crosspost_to_32":false,"_crosspost_to_33":false,"_crosspost_to_38":false,"_crosspost_to_39":false,"_crosspost_to_41":false,"_crosspost_to_42":false,"_crosspost_to_43":false},"product_brand":[],"product_cat":[13],"product_tag":[],"class_list":{"0":"post-2652","1":"product","2":"type-product","3":"status-publish","4":"has-post-thumbnail","6":"product_cat-divani","8":"first","9":"instock","10":"shipping-taxable","11":"product-type-simple"},"acf":[],"_links":{"self":[{"href":"https:\/\/egoitalianostore.com\/milano\/wp-json\/wp\/v2\/product\/2652","targetHints":{"allow":["GET"]}}],"collection":[{"href":"https:\/\/egoitalianostore.com\/milano\/wp-json\/wp\/v2\/product"}],"about":[{"href":"https:\/\/egoitalianostore.com\/milano\/wp-json\/wp\/v2\/types\/product"}],"replies":[{"embeddable":true,"href":"https:\/\/egoitalianostore.com\/milano\/wp-json\/wp\/v2\/comments?post=2652"}],"wp:featuredmedia":[{"embeddable":true,"href":"https:\/\/egoitalianostore.com\/milano\/wp-json\/wp\/v2\/media\/1598"}],"wp:attachment":[{"href":"https:\/\/egoitalianostore.com\/milano\/wp-json\/wp\/v2\/media?parent=2652"}],"wp:term":[{"taxonomy":"product_brand","embeddable":true,"href":"https:\/\/egoitalianostore.com\/milano\/wp-json\/wp\/v2\/product_brand?post=2652"},{"taxonomy":"product_cat","embeddable":true,"href":"https:\/\/egoitalianostore.com\/milano\/wp-json\/wp\/v2\/product_cat?post=2652"},{"taxonomy":"product_tag","embeddable":true,"href":"https:\/\/egoitalianostore.com\/milano\/wp-json\/wp\/v2\/product_tag?post=2652"}],"curies":[{"name":"wp","href":"https:\/\/api.w.org\/{rel}","templated":true}]}}