{"id":2907,"date":"2025-01-29T14:14:43","date_gmt":"2025-01-29T13:14:43","guid":{"rendered":"https:\/\/egoitalianostore.com\/milano\/prodotti\/senza-categoria\/shai\/"},"modified":"2025-01-29T14:14:43","modified_gmt":"2025-01-29T13:14:43","slug":"shai","status":"publish","type":"product","link":"https:\/\/egoitalianostore.com\/milano\/prodotti\/divani\/shai\/","title":{"rendered":"Shai"},"content":{"rendered":"<p>Il divano\u00a0<strong>SHAI<\/strong>\u00a0di Egoitaliano \u00e8 la soluzione ideale per chi cerca un\u00a0<strong>divano curvo dal design elegante e contemporaneo<\/strong>. Grazie alle sue linee armoniose e al profilo morbido, Shai si presta a diventare il vero protagonista del living. Il design curvo non solo aggiunge un tocco di eleganza e originalit\u00e0 al living, ma crea anche una sensazione di maggiore spaziosit\u00e0 e fluidit\u00e0 negli interni.<\/p>\n<p>La sua estetica distintiva unisce alle forme arrotondate le\u00a0<strong>impunture verticali<\/strong>\u00a0sia sulla seduta che sullo schienale che conferiscono una\u00a0<strong>nota di movimento e dinamismo<\/strong>, rendendo Shai un divano curvo in grado di valorizzare qualsiasi living.<\/p>\n<p>La sua\u00a0<strong>seduta ampia<\/strong>\u00a0esaltata dal tessuto bielastico invita al relax, mentre lo schienale avvolgente che integra i braccioli garantisce il giusto supporto. La struttura modulare e personalizzabile permette di configurare Shai secondo le proprie esigenze, scegliendo tra\u00a0<strong>diverse composizioni<\/strong>\u00a0per creare un divano curvo su misura.<\/p>\n","protected":false},"excerpt":{"rendered":"<p>Il divano\u00a0<strong>SHAI<\/strong>\u00a0di Egoitaliano \u00e8 la soluzione ideale per chi cerca un\u00a0<strong>divano curvo dal design elegante e contemporaneo<\/strong>. Grazie alle sue linee armoniose e al profilo morbido, Shai si presta a diventare il vero protagonista del living. Il design curvo non solo aggiunge un tocco di eleganza e originalit\u00e0 al living, ma crea anche una sensazione di maggiore spaziosit\u00e0 e fluidit\u00e0 negli interni.<\/p>\n<p>La sua estetica distintiva unisce alle forme arrotondate le\u00a0<strong>impunture verticali<\/strong>\u00a0sia sulla seduta che sullo schienale che conferiscono una\u00a0<strong>nota di movimento e dinamismo<\/strong>, rendendo Shai un divano curvo in grado di valorizzare qualsiasi living.<\/p>\n<p>La sua\u00a0<strong>seduta ampia<\/strong>\u00a0esaltata dal tessuto bielastico invita al relax, mentre lo schienale avvolgente che integra i braccioli garantisce il giusto supporto. La struttura modulare e personalizzabile permette di configurare Shai secondo le proprie esigenze, scegliendo tra\u00a0<strong>diverse composizioni<\/strong>\u00a0per creare un divano curvo su misura.<\/p>\n","protected":false},"featured_media":2922,"comment_status":"open","ping_status":"closed","template":"","meta":{"_acf_changed":false,"_crosspost_to_1":false,"_crosspost_to_4":true,"_crosspost_to_8":false,"_crosspost_to_9":false,"_crosspost_to_10":false,"_crosspost_to_12":false,"_crosspost_to_13":false,"_crosspost_to_14":false,"_crosspost_to_15":false,"_crosspost_to_16":false,"_crosspost_to_17":false,"_crosspost_to_18":false,"_crosspost_to_19":false,"_crosspost_to_22":false,"_crosspost_to_23":false,"_crosspost_to_25":false,"_crosspost_to_26":false,"_crosspost_to_28":false,"_crosspost_to_29":false,"_crosspost_to_32":false,"_crosspost_to_33":false,"_crosspost_to_38":false,"_crosspost_to_39":false,"_crosspost_to_41":false,"_crosspost_to_42":false,"_crosspost_to_43":false},"product_brand":[],"product_cat":[13,42],"product_tag":[],"class_list":{"0":"post-2907","1":"product","2":"type-product","3":"status-publish","4":"has-post-thumbnail","6":"product_cat-divani","7":"product_cat-novita","9":"first","10":"instock","11":"shipping-taxable","12":"purchasable","13":"product-type-simple"},"acf":[],"_links":{"self":[{"href":"https:\/\/egoitalianostore.com\/milano\/wp-json\/wp\/v2\/product\/2907","targetHints":{"allow":["GET"]}}],"collection":[{"href":"https:\/\/egoitalianostore.com\/milano\/wp-json\/wp\/v2\/product"}],"about":[{"href":"https:\/\/egoitalianostore.com\/milano\/wp-json\/wp\/v2\/types\/product"}],"replies":[{"embeddable":true,"href":"https:\/\/egoitalianostore.com\/milano\/wp-json\/wp\/v2\/comments?post=2907"}],"wp:featuredmedia":[{"embeddable":true,"href":"https:\/\/egoitalianostore.com\/milano\/wp-json\/wp\/v2\/media\/2922"}],"wp:attachment":[{"href":"https:\/\/egoitalianostore.com\/milano\/wp-json\/wp\/v2\/media?parent=2907"}],"wp:term":[{"taxonomy":"product_brand","embeddable":true,"href":"https:\/\/egoitalianostore.com\/milano\/wp-json\/wp\/v2\/product_brand?post=2907"},{"taxonomy":"product_cat","embeddable":true,"href":"https:\/\/egoitalianostore.com\/milano\/wp-json\/wp\/v2\/product_cat?post=2907"},{"taxonomy":"product_tag","embeddable":true,"href":"https:\/\/egoitalianostore.com\/milano\/wp-json\/wp\/v2\/product_tag?post=2907"}],"curies":[{"name":"wp","href":"https:\/\/api.w.org\/{rel}","templated":true}]}}