{"id":2970,"date":"2025-01-29T22:12:01","date_gmt":"2025-01-29T21:12:01","guid":{"rendered":"https:\/\/egoitalianostore.com\/milano\/prodotti\/senza-categoria\/momo\/"},"modified":"2025-01-29T22:12:01","modified_gmt":"2025-01-29T21:12:01","slug":"momo","status":"publish","type":"product","link":"https:\/\/egoitalianostore.com\/milano\/prodotti\/divani\/momo\/","title":{"rendered":"Momo"},"content":{"rendered":"<p>Il divano MOMO incarna l\u2019essenza di un\u00a0<strong>divano avvolgente moderno<\/strong>, unendo\u00a0<strong>comfort estremo<\/strong>\u00a0e\u00a0<strong>design elegante<\/strong>\u00a0in un\u2019unica proposta d\u2019arredo. Momo si distingue per le sue linee morbide e lo schienale che incorpora i braccioli senza soluzione di continuit\u00e0 per un abbraccio che invita al relax, perfetto per completare salotti di tendenza.<\/p>\n<p>Ogni dettaglio \u00e8 progettato per offrire un comfort avvolgente e creare un ambiente accogliente, con un look moderno che cattura l\u2019attenzione.<\/p>\n<p>Disponibile\u00a0<strong>esclusivamente<\/strong>\u00a0<strong>in<\/strong>\u00a0<strong>tessuto<\/strong>\u00a0<strong>e microfibra<\/strong>, questo complemento d\u2019arredo \u00e8 reso unico dal\u00a0<strong>bordino in lycr<\/strong>a che ne disegna il profilo, conferendogli un tocco distintivo. La possibilit\u00e0 di\u00a0<strong>personalizzarlo<\/strong>\u00a0con\u00a0<strong>colori<\/strong>\u00a0che meglio rispecchiano il tuo stile e di scegliere la configurazione pi\u00f9 adatta al tuo spazio, lo rende un pezzo versatile e originale. Con Momo, ogni soggiorno pu\u00f2 riflettere la tua personalit\u00e0.<\/p>\n<p>Che si tratti di un ampio soggiorno o di un ambiente pi\u00f9 compatto, Momo \u00e8 un divano avvolgente e moderno che si adatta perfettamente a qualsiasi contesto grazie alla sua versatilit\u00e0. Ogni soggiorno pu\u00f2 trasformarsi cos\u00ec in un\u2019oasi di comfort e in una dichiarazione di stile personale, colorata e glamour.<\/p>\n","protected":false},"excerpt":{"rendered":"<p>Il divano MOMO incarna l\u2019essenza di un\u00a0<strong>divano avvolgente moderno<\/strong>, unendo\u00a0<strong>comfort estremo<\/strong>\u00a0e\u00a0<strong>design elegante<\/strong>\u00a0in un\u2019unica proposta d\u2019arredo. Momo si distingue per le sue linee morbide e lo schienale che incorpora i braccioli senza soluzione di continuit\u00e0 per un abbraccio che invita al relax, perfetto per completare salotti di tendenza.<\/p>\n<p>Ogni dettaglio \u00e8 progettato per offrire un comfort avvolgente e creare un ambiente accogliente, con un look moderno che cattura l\u2019attenzione.<\/p>\n<p>Disponibile\u00a0<strong>esclusivamente<\/strong>\u00a0<strong>in<\/strong>\u00a0<strong>tessuto<\/strong>\u00a0<strong>e microfibra<\/strong>, questo complemento d\u2019arredo \u00e8 reso unico dal\u00a0<strong>bordino in lycr<\/strong>a che ne disegna il profilo, conferendogli un tocco distintivo. La possibilit\u00e0 di\u00a0<strong>personalizzarlo<\/strong>\u00a0con\u00a0<strong>colori<\/strong>\u00a0che meglio rispecchiano il tuo stile e di scegliere la configurazione pi\u00f9 adatta al tuo spazio, lo rende un pezzo versatile e originale. Con Momo, ogni soggiorno pu\u00f2 riflettere la tua personalit\u00e0.<\/p>\n<p>Che si tratti di un ampio soggiorno o di un ambiente pi\u00f9 compatto, Momo \u00e8 un divano avvolgente e moderno che si adatta perfettamente a qualsiasi contesto grazie alla sua versatilit\u00e0. Ogni soggiorno pu\u00f2 trasformarsi cos\u00ec in un\u2019oasi di comfort e in una dichiarazione di stile personale, colorata e glamour.<\/p>\n","protected":false},"featured_media":2973,"comment_status":"open","ping_status":"closed","template":"","meta":{"_acf_changed":false,"_crosspost_to_1":false,"_crosspost_to_4":false,"_crosspost_to_8":false,"_crosspost_to_9":false,"_crosspost_to_10":false,"_crosspost_to_12":false,"_crosspost_to_13":false,"_crosspost_to_14":false,"_crosspost_to_15":false,"_crosspost_to_16":false,"_crosspost_to_17":false,"_crosspost_to_18":false,"_crosspost_to_19":false,"_crosspost_to_22":false,"_crosspost_to_23":false,"_crosspost_to_25":false,"_crosspost_to_26":false,"_crosspost_to_28":false,"_crosspost_to_29":false,"_crosspost_to_32":false,"_crosspost_to_33":false,"_crosspost_to_38":false,"_crosspost_to_39":false,"_crosspost_to_41":false,"_crosspost_to_42":false,"_crosspost_to_43":false},"product_brand":[],"product_cat":[13,42],"product_tag":[],"class_list":{"0":"post-2970","1":"product","2":"type-product","3":"status-publish","4":"has-post-thumbnail","6":"product_cat-divani","7":"product_cat-novita","9":"first","10":"instock","11":"shipping-taxable","12":"purchasable","13":"product-type-simple"},"acf":[],"_links":{"self":[{"href":"https:\/\/egoitalianostore.com\/milano\/wp-json\/wp\/v2\/product\/2970","targetHints":{"allow":["GET"]}}],"collection":[{"href":"https:\/\/egoitalianostore.com\/milano\/wp-json\/wp\/v2\/product"}],"about":[{"href":"https:\/\/egoitalianostore.com\/milano\/wp-json\/wp\/v2\/types\/product"}],"replies":[{"embeddable":true,"href":"https:\/\/egoitalianostore.com\/milano\/wp-json\/wp\/v2\/comments?post=2970"}],"wp:featuredmedia":[{"embeddable":true,"href":"https:\/\/egoitalianostore.com\/milano\/wp-json\/wp\/v2\/media\/2973"}],"wp:attachment":[{"href":"https:\/\/egoitalianostore.com\/milano\/wp-json\/wp\/v2\/media?parent=2970"}],"wp:term":[{"taxonomy":"product_brand","embeddable":true,"href":"https:\/\/egoitalianostore.com\/milano\/wp-json\/wp\/v2\/product_brand?post=2970"},{"taxonomy":"product_cat","embeddable":true,"href":"https:\/\/egoitalianostore.com\/milano\/wp-json\/wp\/v2\/product_cat?post=2970"},{"taxonomy":"product_tag","embeddable":true,"href":"https:\/\/egoitalianostore.com\/milano\/wp-json\/wp\/v2\/product_tag?post=2970"}],"curies":[{"name":"wp","href":"https:\/\/api.w.org\/{rel}","templated":true}]}}