{"id":2983,"date":"2025-01-29T22:06:17","date_gmt":"2025-01-29T21:06:17","guid":{"rendered":"https:\/\/egoitalianostore.com\/milano\/prodotti\/senza-categoria\/astoria\/"},"modified":"2025-01-29T22:06:17","modified_gmt":"2025-01-29T21:06:17","slug":"astoria","status":"publish","type":"product","link":"https:\/\/egoitalianostore.com\/milano\/prodotti\/divani\/astoria\/","title":{"rendered":"Astoria"},"content":{"rendered":"<p><strong>ASTORIA<\/strong> \u00e8 comfort senza compromessi. Il divano oversize \u00e8 disponibile in tantissime configurazioni e tessuti colorati. Ci\u00f2 che lo rende super confortevole \u00e8 la combinazione di cuscino poggiareni e topper fissato sui cuscini di seduta, entrambi sfoderabili, che ne aumentano il comfort e la morbidezza grazie a una speciale imbottitura sintetica ottenuta dal riciclo di bottiglie di plastica che simula l\u2019effetto della piuma dall\u2019aspetto soffice e morbido. La sua linea \u00e8 esaltata e rifinita da un ampio bordo a bandina.<\/p>\n","protected":false},"excerpt":{"rendered":"<p><strong>ASTORIA<\/strong> \u00e8 comfort senza compromessi. Il divano oversize \u00e8 disponibile in tantissime configurazioni e tessuti colorati. Ci\u00f2 che lo rende super confortevole \u00e8 la combinazione di cuscino poggiareni e topper fissato sui cuscini di seduta, entrambi sfoderabili, che ne aumentano il comfort e la morbidezza grazie a una speciale imbottitura sintetica ottenuta dal riciclo di bottiglie di plastica che simula l\u2019effetto della piuma dall\u2019aspetto soffice e morbido. La sua linea \u00e8 esaltata e rifinita da un ampio bordo a bandina.<\/p>\n","protected":false},"featured_media":2984,"comment_status":"open","ping_status":"closed","template":"","meta":{"_acf_changed":false,"_crosspost_to_1":false,"_crosspost_to_4":false,"_crosspost_to_8":false,"_crosspost_to_9":false,"_crosspost_to_10":false,"_crosspost_to_12":false,"_crosspost_to_13":false,"_crosspost_to_14":false,"_crosspost_to_15":false,"_crosspost_to_16":false,"_crosspost_to_17":false,"_crosspost_to_18":false,"_crosspost_to_19":false,"_crosspost_to_22":false,"_crosspost_to_23":false,"_crosspost_to_25":false,"_crosspost_to_26":false,"_crosspost_to_28":false,"_crosspost_to_29":false,"_crosspost_to_32":false,"_crosspost_to_33":false,"_crosspost_to_38":false,"_crosspost_to_39":false,"_crosspost_to_41":false,"_crosspost_to_42":false,"_crosspost_to_43":false},"product_brand":[],"product_cat":[13,42],"product_tag":[],"class_list":{"0":"post-2983","1":"product","2":"type-product","3":"status-publish","4":"has-post-thumbnail","6":"product_cat-divani","7":"product_cat-novita","9":"first","10":"instock","11":"shipping-taxable","12":"purchasable","13":"product-type-simple"},"acf":[],"_links":{"self":[{"href":"https:\/\/egoitalianostore.com\/milano\/wp-json\/wp\/v2\/product\/2983","targetHints":{"allow":["GET"]}}],"collection":[{"href":"https:\/\/egoitalianostore.com\/milano\/wp-json\/wp\/v2\/product"}],"about":[{"href":"https:\/\/egoitalianostore.com\/milano\/wp-json\/wp\/v2\/types\/product"}],"replies":[{"embeddable":true,"href":"https:\/\/egoitalianostore.com\/milano\/wp-json\/wp\/v2\/comments?post=2983"}],"wp:featuredmedia":[{"embeddable":true,"href":"https:\/\/egoitalianostore.com\/milano\/wp-json\/wp\/v2\/media\/2984"}],"wp:attachment":[{"href":"https:\/\/egoitalianostore.com\/milano\/wp-json\/wp\/v2\/media?parent=2983"}],"wp:term":[{"taxonomy":"product_brand","embeddable":true,"href":"https:\/\/egoitalianostore.com\/milano\/wp-json\/wp\/v2\/product_brand?post=2983"},{"taxonomy":"product_cat","embeddable":true,"href":"https:\/\/egoitalianostore.com\/milano\/wp-json\/wp\/v2\/product_cat?post=2983"},{"taxonomy":"product_tag","embeddable":true,"href":"https:\/\/egoitalianostore.com\/milano\/wp-json\/wp\/v2\/product_tag?post=2983"}],"curies":[{"name":"wp","href":"https:\/\/api.w.org\/{rel}","templated":true}]}}