{"id":2985,"date":"2025-01-29T21:56:40","date_gmt":"2025-01-29T20:56:40","guid":{"rendered":"https:\/\/egoitalianostore.com\/milano\/prodotti\/senza-categoria\/pacha\/"},"modified":"2025-01-30T16:35:22","modified_gmt":"2025-01-30T15:35:22","slug":"pacha","status":"publish","type":"product","link":"https:\/\/egoitalianostore.com\/milano\/prodotti\/divani\/pacha\/","title":{"rendered":"Pacha"},"content":{"rendered":"<p><strong>PACHA<\/strong> \u00e8 il divano \u00e0 la montgomery caratterizzato dai tiraggi decorativi sui fianchi esterni, realizzati con cordino colorato e un alamaro in metallo grigio ombra. Ci\u00f2 che lo rende estremamente comodo e funzionale \u00e8 il doppio motore elettrico poggiatesta e poggiapiedi. Compatto e armonioso con lieve rotondit\u00e0, scoprilo nello versione denim, ti ruber\u00e0 il cuore.<\/p>\n","protected":false},"excerpt":{"rendered":"<p><strong>PACHA<\/strong> \u00e8 il divano \u00e0 la montgomery caratterizzato dai tiraggi decorativi sui fianchi esterni, realizzati con cordino colorato e un alamaro in metallo grigio ombra. Ci\u00f2 che lo rende estremamente comodo e funzionale \u00e8 il doppio motore elettrico poggiatesta e poggiapiedi. Compatto e armonioso con lieve rotondit\u00e0, scoprilo nello versione denim, ti ruber\u00e0 il cuore.<\/p>\n","protected":false},"featured_media":2990,"comment_status":"open","ping_status":"closed","template":"","meta":{"_acf_changed":false,"_crosspost_to_1":false,"_crosspost_to_4":false,"_crosspost_to_8":false,"_crosspost_to_9":false,"_crosspost_to_10":false,"_crosspost_to_12":false,"_crosspost_to_13":false,"_crosspost_to_14":false,"_crosspost_to_15":false,"_crosspost_to_16":false,"_crosspost_to_17":false,"_crosspost_to_18":false,"_crosspost_to_19":false,"_crosspost_to_22":false,"_crosspost_to_23":false,"_crosspost_to_25":false,"_crosspost_to_26":false,"_crosspost_to_28":false,"_crosspost_to_29":false,"_crosspost_to_32":false,"_crosspost_to_33":false,"_crosspost_to_38":false,"_crosspost_to_39":false,"_crosspost_to_41":false,"_crosspost_to_42":false,"_crosspost_to_43":false},"product_brand":[],"product_cat":[13,42],"product_tag":[],"class_list":{"0":"post-2985","1":"product","2":"type-product","3":"status-publish","4":"has-post-thumbnail","6":"product_cat-divani","7":"product_cat-novita","9":"first","10":"instock","11":"shipping-taxable","12":"purchasable","13":"product-type-simple"},"acf":[],"_links":{"self":[{"href":"https:\/\/egoitalianostore.com\/milano\/wp-json\/wp\/v2\/product\/2985","targetHints":{"allow":["GET"]}}],"collection":[{"href":"https:\/\/egoitalianostore.com\/milano\/wp-json\/wp\/v2\/product"}],"about":[{"href":"https:\/\/egoitalianostore.com\/milano\/wp-json\/wp\/v2\/types\/product"}],"replies":[{"embeddable":true,"href":"https:\/\/egoitalianostore.com\/milano\/wp-json\/wp\/v2\/comments?post=2985"}],"wp:featuredmedia":[{"embeddable":true,"href":"https:\/\/egoitalianostore.com\/milano\/wp-json\/wp\/v2\/media\/2990"}],"wp:attachment":[{"href":"https:\/\/egoitalianostore.com\/milano\/wp-json\/wp\/v2\/media?parent=2985"}],"wp:term":[{"taxonomy":"product_brand","embeddable":true,"href":"https:\/\/egoitalianostore.com\/milano\/wp-json\/wp\/v2\/product_brand?post=2985"},{"taxonomy":"product_cat","embeddable":true,"href":"https:\/\/egoitalianostore.com\/milano\/wp-json\/wp\/v2\/product_cat?post=2985"},{"taxonomy":"product_tag","embeddable":true,"href":"https:\/\/egoitalianostore.com\/milano\/wp-json\/wp\/v2\/product_tag?post=2985"}],"curies":[{"name":"wp","href":"https:\/\/api.w.org\/{rel}","templated":true}]}}