{"id":2450,"date":"2024-01-25T13:40:00","date_gmt":"2024-01-25T12:40:00","guid":{"rendered":"https:\/\/egoitalianostore.com\/modena\/prodotto\/lido\/"},"modified":"2024-01-25T13:40:00","modified_gmt":"2024-01-25T12:40:00","slug":"lido","status":"publish","type":"product","link":"https:\/\/egoitalianostore.com\/modena\/prodotti\/complementi\/pouf\/lido\/","title":{"rendered":"Lido"},"content":{"rendered":"<p>LIDO \u00e8 un accessorio living versatile e funzionale che pu\u00f2 essere utilizzato come pouf o come piccolo tavolo da salotto. Il suo design scandinavo \u00e8 personalizzabile nei colori che pi\u00f9 ti piacciono.<\/p>\n","protected":false},"excerpt":{"rendered":"<p>LIDO \u00e8 un accessorio living versatile e funzionale che pu\u00f2 essere utilizzato come pouf o come piccolo tavolo da salotto. Il suo design scandinavo \u00e8 personalizzabile nei colori che pi\u00f9 ti piacciono.<\/p>\n","protected":false},"featured_media":1695,"comment_status":"open","ping_status":"closed","template":"","meta":{"_acf_changed":false,"_crosspost_to_1":false,"_crosspost_to_4":false,"_crosspost_to_8":false,"_crosspost_to_9":false,"_crosspost_to_10":false,"_crosspost_to_12":false,"_crosspost_to_13":false,"_crosspost_to_14":false,"_crosspost_to_15":false,"_crosspost_to_16":false,"_crosspost_to_18":false,"_crosspost_to_19":false,"_crosspost_to_22":false,"_crosspost_to_23":false,"_crosspost_to_25":false,"_crosspost_to_26":false,"_crosspost_to_28":false,"_crosspost_to_29":false,"_crosspost_to_32":false,"_crosspost_to_33":false,"_crosspost_to_38":false,"_crosspost_to_39":false,"_crosspost_to_40":false,"_crosspost_to_41":false,"_crosspost_to_42":false,"_crosspost_to_43":false},"product_brand":[],"product_cat":[32,39,35,37,41],"product_tag":[],"class_list":{"0":"post-2450","1":"product","2":"type-product","3":"status-publish","4":"has-post-thumbnail","6":"product_cat-complementi","7":"product_cat-egolab","8":"product_cat-pouf","9":"product_cat-tavolini","10":"product_cat-the-journey-of-design","12":"first","13":"instock","14":"shipping-taxable","15":"product-type-simple"},"acf":[],"_links":{"self":[{"href":"https:\/\/egoitalianostore.com\/modena\/wp-json\/wp\/v2\/product\/2450","targetHints":{"allow":["GET"]}}],"collection":[{"href":"https:\/\/egoitalianostore.com\/modena\/wp-json\/wp\/v2\/product"}],"about":[{"href":"https:\/\/egoitalianostore.com\/modena\/wp-json\/wp\/v2\/types\/product"}],"replies":[{"embeddable":true,"href":"https:\/\/egoitalianostore.com\/modena\/wp-json\/wp\/v2\/comments?post=2450"}],"wp:featuredmedia":[{"embeddable":true,"href":"https:\/\/egoitalianostore.com\/modena\/wp-json\/wp\/v2\/media\/1695"}],"wp:attachment":[{"href":"https:\/\/egoitalianostore.com\/modena\/wp-json\/wp\/v2\/media?parent=2450"}],"wp:term":[{"taxonomy":"product_brand","embeddable":true,"href":"https:\/\/egoitalianostore.com\/modena\/wp-json\/wp\/v2\/product_brand?post=2450"},{"taxonomy":"product_cat","embeddable":true,"href":"https:\/\/egoitalianostore.com\/modena\/wp-json\/wp\/v2\/product_cat?post=2450"},{"taxonomy":"product_tag","embeddable":true,"href":"https:\/\/egoitalianostore.com\/modena\/wp-json\/wp\/v2\/product_tag?post=2450"}],"curies":[{"name":"wp","href":"https:\/\/api.w.org\/{rel}","templated":true}]}}