{"id":2480,"date":"2024-01-25T14:37:50","date_gmt":"2024-01-25T13:37:50","guid":{"rendered":"https:\/\/egoitalianostore.com\/modena\/prodotto\/yuki\/"},"modified":"2024-01-26T17:03:10","modified_gmt":"2024-01-26T16:03:10","slug":"yuki","status":"publish","type":"product","link":"https:\/\/egoitalianostore.com\/modena\/prodotti\/complementi\/pouf\/yuki\/","title":{"rendered":"Yuki"},"content":{"rendered":"<p>Un\u2019esplosione di colore \u00e8 quella garantita da YUKI, una linea di prodotti rivestita in tessuto stretch con simpatici dettagli in lycra. Giocate su una palette pop, spinta e irriverente, le forme ossimoriche di YUKI, morbide e spigolose allo stesso tempo, plasmano il living come uno spazio creativo che non ha paura di mostrarsi nella sua estrosit\u00e0, originalit\u00e0 ed eccesso di colore. Il pouf \u00e8 morbido e ha un comfort accogliente, \u00e8 disponibile in tantissimi colori portando brio e creativit\u00e0 in ogni ambiente.<\/p>\n","protected":false},"excerpt":{"rendered":"<p>Un\u2019esplosione di colore \u00e8 quella garantita da YUKI, una linea di prodotti rivestita in tessuto stretch con simpatici dettagli in lycra. Giocate su una palette pop, spinta e irriverente, le forme ossimoriche di YUKI, morbide e spigolose allo stesso tempo, plasmano il living come uno spazio creativo che non ha paura di mostrarsi nella sua estrosit\u00e0, originalit\u00e0 ed eccesso di colore. Il pouf \u00e8 morbido e ha un comfort accogliente, \u00e8 disponibile in tantissimi colori portando brio e creativit\u00e0 in ogni ambiente.<\/p>\n","protected":false},"featured_media":1604,"comment_status":"open","ping_status":"closed","template":"","meta":{"_acf_changed":false,"_crosspost_to_1":false,"_crosspost_to_4":false,"_crosspost_to_8":false,"_crosspost_to_9":false,"_crosspost_to_10":false,"_crosspost_to_12":false,"_crosspost_to_13":false,"_crosspost_to_14":false,"_crosspost_to_15":false,"_crosspost_to_16":false,"_crosspost_to_18":false,"_crosspost_to_19":false,"_crosspost_to_22":false,"_crosspost_to_23":false,"_crosspost_to_25":false,"_crosspost_to_26":false,"_crosspost_to_28":false,"_crosspost_to_29":false,"_crosspost_to_32":false,"_crosspost_to_33":false,"_crosspost_to_38":false,"_crosspost_to_39":false,"_crosspost_to_40":false,"_crosspost_to_41":false,"_crosspost_to_42":false,"_crosspost_to_43":false},"product_brand":[],"product_cat":[32,35],"product_tag":[],"class_list":{"0":"post-2480","1":"product","2":"type-product","3":"status-publish","4":"has-post-thumbnail","6":"product_cat-complementi","7":"product_cat-pouf","9":"first","10":"instock","11":"shipping-taxable","12":"product-type-simple"},"acf":[],"_links":{"self":[{"href":"https:\/\/egoitalianostore.com\/modena\/wp-json\/wp\/v2\/product\/2480","targetHints":{"allow":["GET"]}}],"collection":[{"href":"https:\/\/egoitalianostore.com\/modena\/wp-json\/wp\/v2\/product"}],"about":[{"href":"https:\/\/egoitalianostore.com\/modena\/wp-json\/wp\/v2\/types\/product"}],"replies":[{"embeddable":true,"href":"https:\/\/egoitalianostore.com\/modena\/wp-json\/wp\/v2\/comments?post=2480"}],"wp:featuredmedia":[{"embeddable":true,"href":"https:\/\/egoitalianostore.com\/modena\/wp-json\/wp\/v2\/media\/1604"}],"wp:attachment":[{"href":"https:\/\/egoitalianostore.com\/modena\/wp-json\/wp\/v2\/media?parent=2480"}],"wp:term":[{"taxonomy":"product_brand","embeddable":true,"href":"https:\/\/egoitalianostore.com\/modena\/wp-json\/wp\/v2\/product_brand?post=2480"},{"taxonomy":"product_cat","embeddable":true,"href":"https:\/\/egoitalianostore.com\/modena\/wp-json\/wp\/v2\/product_cat?post=2480"},{"taxonomy":"product_tag","embeddable":true,"href":"https:\/\/egoitalianostore.com\/modena\/wp-json\/wp\/v2\/product_tag?post=2480"}],"curies":[{"name":"wp","href":"https:\/\/api.w.org\/{rel}","templated":true}]}}