{"id":2539,"date":"2024-01-26T09:44:21","date_gmt":"2024-01-26T08:44:21","guid":{"rendered":"https:\/\/egoitalianostore.com\/modena\/prodotto\/mimi\/"},"modified":"2024-01-26T09:44:21","modified_gmt":"2024-01-26T08:44:21","slug":"mimi","status":"publish","type":"product","link":"https:\/\/egoitalianostore.com\/modena\/prodotti\/novita\/mimi\/","title":{"rendered":"Mim\u00ec"},"content":{"rendered":"<p>MIM\u00cc \u00e8 la poltrona perfetta per living giocosi e giovanili. Ispirata al design anni 70, \u00e8 caratterizzata da forme avvolgenti e da un morbido comfort di seduta.<br \/>\nDettaglio decorativo, vezzo del designer, \u00e8 la cucitura che segue la silhouette della scocca e che le regala un tocco vintage al design della poltrona.<\/p>\n","protected":false},"excerpt":{"rendered":"<p>MIM\u00cc \u00e8 la poltrona perfetta per living giocosi e giovanili. Ispirata al design anni 70, \u00e8 caratterizzata da forme avvolgenti e da un morbido comfort di seduta.<br \/>\nDettaglio decorativo, vezzo del designer, \u00e8 la cucitura che segue la silhouette della scocca e che le regala un tocco vintage al design della poltrona.<\/p>\n","protected":false},"featured_media":2541,"comment_status":"open","ping_status":"closed","template":"","meta":{"_acf_changed":false,"_crosspost_to_1":false,"_crosspost_to_4":false,"_crosspost_to_8":false,"_crosspost_to_9":false,"_crosspost_to_10":false,"_crosspost_to_12":false,"_crosspost_to_13":false,"_crosspost_to_14":false,"_crosspost_to_15":false,"_crosspost_to_16":false,"_crosspost_to_18":false,"_crosspost_to_19":false,"_crosspost_to_22":false,"_crosspost_to_23":false,"_crosspost_to_25":false,"_crosspost_to_26":false,"_crosspost_to_28":false,"_crosspost_to_29":false,"_crosspost_to_32":false,"_crosspost_to_33":false,"_crosspost_to_38":false,"_crosspost_to_39":false,"_crosspost_to_40":false,"_crosspost_to_41":false,"_crosspost_to_42":false,"_crosspost_to_43":false},"product_brand":[],"product_cat":[42,43],"product_tag":[],"class_list":{"0":"post-2539","1":"product","2":"type-product","3":"status-publish","4":"has-post-thumbnail","6":"product_cat-novita","7":"product_cat-poltrone","9":"first","10":"instock","11":"shipping-taxable","12":"product-type-simple"},"acf":[],"_links":{"self":[{"href":"https:\/\/egoitalianostore.com\/modena\/wp-json\/wp\/v2\/product\/2539","targetHints":{"allow":["GET"]}}],"collection":[{"href":"https:\/\/egoitalianostore.com\/modena\/wp-json\/wp\/v2\/product"}],"about":[{"href":"https:\/\/egoitalianostore.com\/modena\/wp-json\/wp\/v2\/types\/product"}],"replies":[{"embeddable":true,"href":"https:\/\/egoitalianostore.com\/modena\/wp-json\/wp\/v2\/comments?post=2539"}],"wp:featuredmedia":[{"embeddable":true,"href":"https:\/\/egoitalianostore.com\/modena\/wp-json\/wp\/v2\/media\/2541"}],"wp:attachment":[{"href":"https:\/\/egoitalianostore.com\/modena\/wp-json\/wp\/v2\/media?parent=2539"}],"wp:term":[{"taxonomy":"product_brand","embeddable":true,"href":"https:\/\/egoitalianostore.com\/modena\/wp-json\/wp\/v2\/product_brand?post=2539"},{"taxonomy":"product_cat","embeddable":true,"href":"https:\/\/egoitalianostore.com\/modena\/wp-json\/wp\/v2\/product_cat?post=2539"},{"taxonomy":"product_tag","embeddable":true,"href":"https:\/\/egoitalianostore.com\/modena\/wp-json\/wp\/v2\/product_tag?post=2539"}],"curies":[{"name":"wp","href":"https:\/\/api.w.org\/{rel}","templated":true}]}}