{"id":2451,"date":"2024-01-25T14:05:35","date_gmt":"2024-01-25T13:05:35","guid":{"rendered":"https:\/\/egoitalianostore.com\/romanord\/prodotto\/luna-2\/"},"modified":"2024-01-25T14:05:35","modified_gmt":"2024-01-25T13:05:35","slug":"luna-2","status":"publish","type":"product","link":"https:\/\/egoitalianostore.com\/romanord\/prodotti\/complementi\/tavolini\/luna-2\/","title":{"rendered":"Luna"},"content":{"rendered":"<p>LUNA \u00e8 la nuova linea di coffee table in metallo caratterizzata da eleganza e semplicit\u00e0: il piano circolare \u00e8 sorretto da un unico piede centrale con base tonda. Le varianti small e large sono ideali per essere utilizzate in coppia.<br \/>\nIl modello \u00e8 disponibile anche nella versione dining table: un tavolino da pranzo perfetto per spazi contenuti o per arredare bar e ristoranti. \u00c9 caratterizzato da due finiture lucenti, una pi\u00f9 sobria ed elegante dal colore materico, una pi\u00f9 decisa e glitter che ricorda il cielo stellato.<\/p>\n","protected":false},"excerpt":{"rendered":"<p>LUNA \u00e8 la nuova linea di coffee table in metallo caratterizzata da eleganza e semplicit\u00e0: il piano circolare \u00e8 sorretto da un unico piede centrale con base tonda. Le varianti small e large sono ideali per essere utilizzate in coppia.<br \/>\nIl modello \u00e8 disponibile anche nella versione dining table: un tavolino da pranzo perfetto per spazi contenuti o per arredare bar e ristoranti. \u00c9 caratterizzato da due finiture lucenti, una pi\u00f9 sobria ed elegante dal colore materico, una pi\u00f9 decisa e glitter che ricorda il cielo stellato.<\/p>\n","protected":false},"featured_media":1178,"comment_status":"open","ping_status":"closed","template":"","meta":{"_acf_changed":false,"_crosspost_to_1":false,"_crosspost_to_4":false,"_crosspost_to_8":false,"_crosspost_to_9":false,"_crosspost_to_10":false,"_crosspost_to_12":false,"_crosspost_to_13":false,"_crosspost_to_15":false,"_crosspost_to_16":false,"_crosspost_to_17":false,"_crosspost_to_18":false,"_crosspost_to_19":false,"_crosspost_to_22":false,"_crosspost_to_23":false,"_crosspost_to_25":false,"_crosspost_to_26":false,"_crosspost_to_28":false,"_crosspost_to_29":false,"_crosspost_to_32":false,"_crosspost_to_33":false,"_crosspost_to_38":false,"_crosspost_to_39":false,"_crosspost_to_40":false,"_crosspost_to_41":false,"_crosspost_to_42":false,"_crosspost_to_43":false},"product_brand":[],"product_cat":[32,42,37],"product_tag":[],"class_list":{"0":"post-2451","1":"product","2":"type-product","3":"status-publish","4":"has-post-thumbnail","6":"product_cat-complementi","7":"product_cat-novita","8":"product_cat-tavolini","10":"first","11":"instock","12":"shipping-taxable","13":"product-type-simple"},"acf":[],"_links":{"self":[{"href":"https:\/\/egoitalianostore.com\/romanord\/wp-json\/wp\/v2\/product\/2451","targetHints":{"allow":["GET"]}}],"collection":[{"href":"https:\/\/egoitalianostore.com\/romanord\/wp-json\/wp\/v2\/product"}],"about":[{"href":"https:\/\/egoitalianostore.com\/romanord\/wp-json\/wp\/v2\/types\/product"}],"replies":[{"embeddable":true,"href":"https:\/\/egoitalianostore.com\/romanord\/wp-json\/wp\/v2\/comments?post=2451"}],"wp:featuredmedia":[{"embeddable":true,"href":"https:\/\/egoitalianostore.com\/romanord\/wp-json\/wp\/v2\/media\/1178"}],"wp:attachment":[{"href":"https:\/\/egoitalianostore.com\/romanord\/wp-json\/wp\/v2\/media?parent=2451"}],"wp:term":[{"taxonomy":"product_brand","embeddable":true,"href":"https:\/\/egoitalianostore.com\/romanord\/wp-json\/wp\/v2\/product_brand?post=2451"},{"taxonomy":"product_cat","embeddable":true,"href":"https:\/\/egoitalianostore.com\/romanord\/wp-json\/wp\/v2\/product_cat?post=2451"},{"taxonomy":"product_tag","embeddable":true,"href":"https:\/\/egoitalianostore.com\/romanord\/wp-json\/wp\/v2\/product_tag?post=2451"}],"curies":[{"name":"wp","href":"https:\/\/api.w.org\/{rel}","templated":true}]}}