{"id":2473,"date":"2024-01-25T14:23:26","date_gmt":"2024-01-25T13:23:26","guid":{"rendered":"https:\/\/egoitalianostore.com\/romanord\/prodotto\/lucignolo\/"},"modified":"2024-01-25T14:23:26","modified_gmt":"2024-01-25T13:23:26","slug":"lucignolo","status":"publish","type":"product","link":"https:\/\/egoitalianostore.com\/romanord\/prodotti\/complementi\/lampade\/lucignolo\/","title":{"rendered":"Lucignolo"},"content":{"rendered":"<p>Compagna della lampada\u00a0<a href=\"https:\/\/www.egoitaliano.com\/prodotti\/lampada-tavolino-pinocchio\/\" rel=\"nofollow noopener\" target=\"_blank\">PINOCCHIO\u00a0<\/a>e maestra di giocosit\u00e0, LUCIGNOLO illumina i momenti gioviali e spensierati di tutti i living. La nuova lampada da terra in metallo verniciato a polvere pu\u00f2 essere usata anche come comodo tavolino o comodino. Amica dei momenti di lettura e relax in generale, \u00e8 composta da un piccolo ripiano tondo, sormontato da un braccio in metallo con proiettore regolabile. LUCIGNOLO \u00e8 disponibile nei colori verde salvia e light grey.<\/p>\n","protected":false},"excerpt":{"rendered":"<p>Compagna della lampada\u00a0<a href=\"https:\/\/www.egoitaliano.com\/prodotti\/lampada-tavolino-pinocchio\/\">PINOCCHIO\u00a0<\/a>e maestra di giocosit\u00e0, LUCIGNOLO illumina i momenti gioviali e spensierati di tutti i living. La nuova lampada da terra in metallo verniciato a polvere pu\u00f2 essere usata anche come comodo tavolino o comodino. Amica dei momenti di lettura e relax in generale, \u00e8 composta da un piccolo ripiano tondo, sormontato da un braccio in metallo con proiettore regolabile. LUCIGNOLO \u00e8 disponibile nei colori verde salvia e light grey.<\/p>\n","protected":false},"featured_media":1227,"comment_status":"open","ping_status":"closed","template":"","meta":{"_acf_changed":false,"_crosspost_to_1":false,"_crosspost_to_4":false,"_crosspost_to_8":false,"_crosspost_to_9":false,"_crosspost_to_10":false,"_crosspost_to_12":false,"_crosspost_to_13":false,"_crosspost_to_15":false,"_crosspost_to_16":false,"_crosspost_to_17":false,"_crosspost_to_18":false,"_crosspost_to_19":false,"_crosspost_to_22":false,"_crosspost_to_23":false,"_crosspost_to_25":false,"_crosspost_to_26":false,"_crosspost_to_28":false,"_crosspost_to_29":false,"_crosspost_to_32":false,"_crosspost_to_33":false,"_crosspost_to_38":false,"_crosspost_to_39":false,"_crosspost_to_40":false,"_crosspost_to_41":false,"_crosspost_to_42":false,"_crosspost_to_43":false},"product_brand":[],"product_cat":[32,34,42],"product_tag":[],"class_list":{"0":"post-2473","1":"product","2":"type-product","3":"status-publish","4":"has-post-thumbnail","6":"product_cat-complementi","7":"product_cat-lampade","8":"product_cat-novita","10":"first","11":"instock","12":"shipping-taxable","13":"product-type-simple"},"acf":[],"_links":{"self":[{"href":"https:\/\/egoitalianostore.com\/romanord\/wp-json\/wp\/v2\/product\/2473","targetHints":{"allow":["GET"]}}],"collection":[{"href":"https:\/\/egoitalianostore.com\/romanord\/wp-json\/wp\/v2\/product"}],"about":[{"href":"https:\/\/egoitalianostore.com\/romanord\/wp-json\/wp\/v2\/types\/product"}],"replies":[{"embeddable":true,"href":"https:\/\/egoitalianostore.com\/romanord\/wp-json\/wp\/v2\/comments?post=2473"}],"wp:featuredmedia":[{"embeddable":true,"href":"https:\/\/egoitalianostore.com\/romanord\/wp-json\/wp\/v2\/media\/1227"}],"wp:attachment":[{"href":"https:\/\/egoitalianostore.com\/romanord\/wp-json\/wp\/v2\/media?parent=2473"}],"wp:term":[{"taxonomy":"product_brand","embeddable":true,"href":"https:\/\/egoitalianostore.com\/romanord\/wp-json\/wp\/v2\/product_brand?post=2473"},{"taxonomy":"product_cat","embeddable":true,"href":"https:\/\/egoitalianostore.com\/romanord\/wp-json\/wp\/v2\/product_cat?post=2473"},{"taxonomy":"product_tag","embeddable":true,"href":"https:\/\/egoitalianostore.com\/romanord\/wp-json\/wp\/v2\/product_tag?post=2473"}],"curies":[{"name":"wp","href":"https:\/\/api.w.org\/{rel}","templated":true}]}}