{"id":2503,"date":"2024-01-25T16:01:55","date_gmt":"2024-01-25T15:01:55","guid":{"rendered":"https:\/\/egoitalianostore.com\/romanord\/prodotto\/felicity\/"},"modified":"2024-01-25T16:01:55","modified_gmt":"2024-01-25T15:01:55","slug":"felicity","status":"publish","type":"product","link":"https:\/\/egoitalianostore.com\/romanord\/prodotti\/poltrone\/felicity\/","title":{"rendered":"Felicity"},"content":{"rendered":"<p>Comoda ed elegante, FELICITY \u00e8 il rifugio dove rilassarsi dopo le giornate pi\u00f9 impegnative. Disponibile in versione fissa, girevole o a dondolo, la poltrona FELICITY \u00e8 caratterizzata dalla fascia personalizzabile che percorre tutta la sua silhouette.<\/p>\n","protected":false},"excerpt":{"rendered":"<p>Comoda ed elegante, FELICITY \u00e8 il rifugio dove rilassarsi dopo le giornate pi\u00f9 impegnative. Disponibile in versione fissa, girevole o a dondolo, la poltrona FELICITY \u00e8 caratterizzata dalla fascia personalizzabile che percorre tutta la sua silhouette.<\/p>\n","protected":false},"featured_media":1608,"comment_status":"open","ping_status":"closed","template":"","meta":{"_acf_changed":false,"_crosspost_to_1":false,"_crosspost_to_4":false,"_crosspost_to_8":false,"_crosspost_to_9":false,"_crosspost_to_10":false,"_crosspost_to_12":false,"_crosspost_to_13":false,"_crosspost_to_15":false,"_crosspost_to_16":false,"_crosspost_to_17":false,"_crosspost_to_18":false,"_crosspost_to_19":false,"_crosspost_to_22":false,"_crosspost_to_23":false,"_crosspost_to_25":false,"_crosspost_to_26":false,"_crosspost_to_28":false,"_crosspost_to_29":false,"_crosspost_to_32":false,"_crosspost_to_33":false,"_crosspost_to_38":false,"_crosspost_to_39":false,"_crosspost_to_40":false,"_crosspost_to_41":false,"_crosspost_to_42":false,"_crosspost_to_43":false},"product_brand":[],"product_cat":[43],"product_tag":[],"class_list":{"0":"post-2503","1":"product","2":"type-product","3":"status-publish","4":"has-post-thumbnail","6":"product_cat-poltrone","8":"first","9":"instock","10":"shipping-taxable","11":"product-type-simple"},"acf":[],"_links":{"self":[{"href":"https:\/\/egoitalianostore.com\/romanord\/wp-json\/wp\/v2\/product\/2503","targetHints":{"allow":["GET"]}}],"collection":[{"href":"https:\/\/egoitalianostore.com\/romanord\/wp-json\/wp\/v2\/product"}],"about":[{"href":"https:\/\/egoitalianostore.com\/romanord\/wp-json\/wp\/v2\/types\/product"}],"replies":[{"embeddable":true,"href":"https:\/\/egoitalianostore.com\/romanord\/wp-json\/wp\/v2\/comments?post=2503"}],"wp:featuredmedia":[{"embeddable":true,"href":"https:\/\/egoitalianostore.com\/romanord\/wp-json\/wp\/v2\/media\/1608"}],"wp:attachment":[{"href":"https:\/\/egoitalianostore.com\/romanord\/wp-json\/wp\/v2\/media?parent=2503"}],"wp:term":[{"taxonomy":"product_brand","embeddable":true,"href":"https:\/\/egoitalianostore.com\/romanord\/wp-json\/wp\/v2\/product_brand?post=2503"},{"taxonomy":"product_cat","embeddable":true,"href":"https:\/\/egoitalianostore.com\/romanord\/wp-json\/wp\/v2\/product_cat?post=2503"},{"taxonomy":"product_tag","embeddable":true,"href":"https:\/\/egoitalianostore.com\/romanord\/wp-json\/wp\/v2\/product_tag?post=2503"}],"curies":[{"name":"wp","href":"https:\/\/api.w.org\/{rel}","templated":true}]}}