{"id":2518,"date":"2024-01-25T22:14:27","date_gmt":"2024-01-25T21:14:27","guid":{"rendered":"https:\/\/egoitalianostore.com\/romanord\/prodotto\/musetta\/"},"modified":"2024-01-25T22:14:27","modified_gmt":"2024-01-25T21:14:27","slug":"musetta","status":"publish","type":"product","link":"https:\/\/egoitalianostore.com\/romanord\/prodotti\/poltrone\/musetta\/","title":{"rendered":"Musetta"},"content":{"rendered":"<p>Proporzioni invertite e giochi di linee che sfidano la gravit\u00e0, MUSETTA \u00e8 la poltroncina boh\u00e9mien che si unisce alle collezioni Egoitaliano. Dall\u2019ergonomia accogliente, MUSETTA \u00e8 caratterizzata dalla rotondit\u00e0 dello schienale che poggia su piedi in legno ed \u00e8 completamente personalizzabile come ogni arredo Egoitaliano.<\/p>\n","protected":false},"excerpt":{"rendered":"<p>Proporzioni invertite e giochi di linee che sfidano la gravit\u00e0, MUSETTA \u00e8 la poltroncina boh\u00e9mien che si unisce alle collezioni Egoitaliano. Dall\u2019ergonomia accogliente, MUSETTA \u00e8 caratterizzata dalla rotondit\u00e0 dello schienale che poggia su piedi in legno ed \u00e8 completamente personalizzabile come ogni arredo Egoitaliano.<\/p>\n","protected":false},"featured_media":1610,"comment_status":"open","ping_status":"closed","template":"","meta":{"_acf_changed":false,"_crosspost_to_1":false,"_crosspost_to_4":false,"_crosspost_to_8":false,"_crosspost_to_9":false,"_crosspost_to_10":false,"_crosspost_to_12":false,"_crosspost_to_13":false,"_crosspost_to_15":false,"_crosspost_to_16":false,"_crosspost_to_17":false,"_crosspost_to_18":false,"_crosspost_to_19":false,"_crosspost_to_22":false,"_crosspost_to_23":false,"_crosspost_to_25":false,"_crosspost_to_26":false,"_crosspost_to_28":false,"_crosspost_to_29":false,"_crosspost_to_32":false,"_crosspost_to_33":false,"_crosspost_to_38":false,"_crosspost_to_39":false,"_crosspost_to_40":false,"_crosspost_to_41":false,"_crosspost_to_42":false,"_crosspost_to_43":false},"product_brand":[],"product_cat":[43],"product_tag":[],"class_list":{"0":"post-2518","1":"product","2":"type-product","3":"status-publish","4":"has-post-thumbnail","6":"product_cat-poltrone","8":"first","9":"instock","10":"shipping-taxable","11":"product-type-simple"},"acf":[],"_links":{"self":[{"href":"https:\/\/egoitalianostore.com\/romanord\/wp-json\/wp\/v2\/product\/2518","targetHints":{"allow":["GET"]}}],"collection":[{"href":"https:\/\/egoitalianostore.com\/romanord\/wp-json\/wp\/v2\/product"}],"about":[{"href":"https:\/\/egoitalianostore.com\/romanord\/wp-json\/wp\/v2\/types\/product"}],"replies":[{"embeddable":true,"href":"https:\/\/egoitalianostore.com\/romanord\/wp-json\/wp\/v2\/comments?post=2518"}],"wp:featuredmedia":[{"embeddable":true,"href":"https:\/\/egoitalianostore.com\/romanord\/wp-json\/wp\/v2\/media\/1610"}],"wp:attachment":[{"href":"https:\/\/egoitalianostore.com\/romanord\/wp-json\/wp\/v2\/media?parent=2518"}],"wp:term":[{"taxonomy":"product_brand","embeddable":true,"href":"https:\/\/egoitalianostore.com\/romanord\/wp-json\/wp\/v2\/product_brand?post=2518"},{"taxonomy":"product_cat","embeddable":true,"href":"https:\/\/egoitalianostore.com\/romanord\/wp-json\/wp\/v2\/product_cat?post=2518"},{"taxonomy":"product_tag","embeddable":true,"href":"https:\/\/egoitalianostore.com\/romanord\/wp-json\/wp\/v2\/product_tag?post=2518"}],"curies":[{"name":"wp","href":"https:\/\/api.w.org\/{rel}","templated":true}]}}