{"id":2530,"date":"2024-01-26T09:34:59","date_gmt":"2024-01-26T08:34:59","guid":{"rendered":"https:\/\/egoitalianostore.com\/romanord\/prodotto\/mariu\/"},"modified":"2024-01-26T09:34:59","modified_gmt":"2024-01-26T08:34:59","slug":"mariu","status":"publish","type":"product","link":"https:\/\/egoitalianostore.com\/romanord\/prodotti\/novita\/mariu\/","title":{"rendered":"Mari\u00f9"},"content":{"rendered":"<p>MARI\u00d9 \u00e8 la\u00a0<strong>poltrona colorata<\/strong>\u00a0che si ispira alle famose Club Chair americane degli anni Trenta. Morbida e avvolgente, \u00e8 caratterizzata dalla presenza di un\u00a0<strong>comodo e ampio poggiareni<\/strong>\u00a0per il massimo del comfort. Le forme dalle linee vintage vengono modernizzate dalla scelta dei rivestimenti con l\u2019utilizzo del\u00a0<strong>tessuto bielastico con profili in Lycra<\/strong>\u00a0che garantisce un\u2019invitante comodit\u00e0 di seduta. I bordini a contrasto esaltano ulteriormente le linee, creando dei giochi di colore unici e personalizzati.<\/p>\n<p>Perfetta nel tuo living o per creare un angolo lettura ovunque tu voglia, Mari\u00f9 \u00e8 disponibile sia nella versione fissa che girevole.<\/p>\n","protected":false},"excerpt":{"rendered":"<p>MARI\u00d9 \u00e8 la\u00a0<strong>poltrona colorata<\/strong>\u00a0che si ispira alle famose Club Chair americane degli anni Trenta. Morbida e avvolgente, \u00e8 caratterizzata dalla presenza di un\u00a0<strong>comodo e ampio poggiareni<\/strong>\u00a0per il massimo del comfort. Le forme dalle linee vintage vengono modernizzate dalla scelta dei rivestimenti con l\u2019utilizzo del\u00a0<strong>tessuto bielastico con profili in Lycra<\/strong>\u00a0che garantisce un\u2019invitante comodit\u00e0 di seduta. I bordini a contrasto esaltano ulteriormente le linee, creando dei giochi di colore unici e personalizzati.<\/p>\n<p>Perfetta nel tuo living o per creare un angolo lettura ovunque tu voglia, Mari\u00f9 \u00e8 disponibile sia nella versione fissa che girevole.<\/p>\n","protected":false},"featured_media":1947,"comment_status":"open","ping_status":"closed","template":"","meta":{"_acf_changed":false,"_crosspost_to_1":false,"_crosspost_to_4":false,"_crosspost_to_8":false,"_crosspost_to_9":false,"_crosspost_to_10":false,"_crosspost_to_12":false,"_crosspost_to_13":false,"_crosspost_to_15":false,"_crosspost_to_16":false,"_crosspost_to_17":false,"_crosspost_to_18":false,"_crosspost_to_19":false,"_crosspost_to_22":false,"_crosspost_to_23":false,"_crosspost_to_25":false,"_crosspost_to_26":false,"_crosspost_to_28":false,"_crosspost_to_29":false,"_crosspost_to_32":false,"_crosspost_to_33":false,"_crosspost_to_38":false,"_crosspost_to_39":false,"_crosspost_to_40":false,"_crosspost_to_41":false,"_crosspost_to_42":false,"_crosspost_to_43":false},"product_brand":[],"product_cat":[42,43],"product_tag":[],"class_list":{"0":"post-2530","1":"product","2":"type-product","3":"status-publish","4":"has-post-thumbnail","6":"product_cat-novita","7":"product_cat-poltrone","9":"first","10":"instock","11":"shipping-taxable","12":"product-type-simple"},"acf":[],"_links":{"self":[{"href":"https:\/\/egoitalianostore.com\/romanord\/wp-json\/wp\/v2\/product\/2530","targetHints":{"allow":["GET"]}}],"collection":[{"href":"https:\/\/egoitalianostore.com\/romanord\/wp-json\/wp\/v2\/product"}],"about":[{"href":"https:\/\/egoitalianostore.com\/romanord\/wp-json\/wp\/v2\/types\/product"}],"replies":[{"embeddable":true,"href":"https:\/\/egoitalianostore.com\/romanord\/wp-json\/wp\/v2\/comments?post=2530"}],"wp:featuredmedia":[{"embeddable":true,"href":"https:\/\/egoitalianostore.com\/romanord\/wp-json\/wp\/v2\/media\/1947"}],"wp:attachment":[{"href":"https:\/\/egoitalianostore.com\/romanord\/wp-json\/wp\/v2\/media?parent=2530"}],"wp:term":[{"taxonomy":"product_brand","embeddable":true,"href":"https:\/\/egoitalianostore.com\/romanord\/wp-json\/wp\/v2\/product_brand?post=2530"},{"taxonomy":"product_cat","embeddable":true,"href":"https:\/\/egoitalianostore.com\/romanord\/wp-json\/wp\/v2\/product_cat?post=2530"},{"taxonomy":"product_tag","embeddable":true,"href":"https:\/\/egoitalianostore.com\/romanord\/wp-json\/wp\/v2\/product_tag?post=2530"}],"curies":[{"name":"wp","href":"https:\/\/api.w.org\/{rel}","templated":true}]}}