{"id":2610,"date":"2024-01-26T15:23:44","date_gmt":"2024-01-26T14:23:44","guid":{"rendered":"https:\/\/egoitalianostore.com\/romanord\/prodotto\/puffy\/"},"modified":"2024-01-26T15:23:44","modified_gmt":"2024-01-26T14:23:44","slug":"puffy","status":"publish","type":"product","link":"https:\/\/egoitalianostore.com\/romanord\/prodotti\/divani\/puffy\/","title":{"rendered":"Puffy"},"content":{"rendered":"<p>Compatto, colorato e personalizzabile nel rivestimento, PUFFY \u00e8 il divano perfetto per chi non vuole rinunciare allo stile e alla comodit\u00e0 anche negli ambienti pi\u00f9 piccoli. I meccanismi relax elettrici integrati e l\u2019innovativo sistema di sedute scorrevoli infatti, permettono l\u2019avanzamento della sedute di 10cm prima che si attivi l\u2019apertura del poggiapiedi. Su richiesta \u00e8 possibile anche l\u2019inserimento del bordino a contrasto che delinea la silouhette cocoon style del modello.<\/p>\n","protected":false},"excerpt":{"rendered":"<p>Compatto, colorato e personalizzabile nel rivestimento, PUFFY \u00e8 il divano perfetto per chi non vuole rinunciare allo stile e alla comodit\u00e0 anche negli ambienti pi\u00f9 piccoli. I meccanismi relax elettrici integrati e l\u2019innovativo sistema di sedute scorrevoli infatti, permettono l\u2019avanzamento della sedute di 10cm prima che si attivi l\u2019apertura del poggiapiedi. Su richiesta \u00e8 possibile anche l\u2019inserimento del bordino a contrasto che delinea la silouhette cocoon style del modello.<\/p>\n","protected":false},"featured_media":1981,"comment_status":"open","ping_status":"closed","template":"","meta":{"_acf_changed":false,"_crosspost_to_1":false,"_crosspost_to_4":false,"_crosspost_to_8":false,"_crosspost_to_9":false,"_crosspost_to_10":false,"_crosspost_to_12":false,"_crosspost_to_13":false,"_crosspost_to_15":false,"_crosspost_to_16":false,"_crosspost_to_17":false,"_crosspost_to_18":false,"_crosspost_to_19":false,"_crosspost_to_22":false,"_crosspost_to_23":false,"_crosspost_to_25":false,"_crosspost_to_26":false,"_crosspost_to_28":false,"_crosspost_to_29":false,"_crosspost_to_32":false,"_crosspost_to_33":false,"_crosspost_to_38":false,"_crosspost_to_39":false,"_crosspost_to_40":false,"_crosspost_to_41":false,"_crosspost_to_42":false,"_crosspost_to_43":false},"product_brand":[],"product_cat":[13],"product_tag":[],"class_list":{"0":"post-2610","1":"product","2":"type-product","3":"status-publish","4":"has-post-thumbnail","6":"product_cat-divani","8":"first","9":"instock","10":"shipping-taxable","11":"product-type-simple"},"acf":[],"_links":{"self":[{"href":"https:\/\/egoitalianostore.com\/romanord\/wp-json\/wp\/v2\/product\/2610","targetHints":{"allow":["GET"]}}],"collection":[{"href":"https:\/\/egoitalianostore.com\/romanord\/wp-json\/wp\/v2\/product"}],"about":[{"href":"https:\/\/egoitalianostore.com\/romanord\/wp-json\/wp\/v2\/types\/product"}],"replies":[{"embeddable":true,"href":"https:\/\/egoitalianostore.com\/romanord\/wp-json\/wp\/v2\/comments?post=2610"}],"wp:featuredmedia":[{"embeddable":true,"href":"https:\/\/egoitalianostore.com\/romanord\/wp-json\/wp\/v2\/media\/1981"}],"wp:attachment":[{"href":"https:\/\/egoitalianostore.com\/romanord\/wp-json\/wp\/v2\/media?parent=2610"}],"wp:term":[{"taxonomy":"product_brand","embeddable":true,"href":"https:\/\/egoitalianostore.com\/romanord\/wp-json\/wp\/v2\/product_brand?post=2610"},{"taxonomy":"product_cat","embeddable":true,"href":"https:\/\/egoitalianostore.com\/romanord\/wp-json\/wp\/v2\/product_cat?post=2610"},{"taxonomy":"product_tag","embeddable":true,"href":"https:\/\/egoitalianostore.com\/romanord\/wp-json\/wp\/v2\/product_tag?post=2610"}],"curies":[{"name":"wp","href":"https:\/\/api.w.org\/{rel}","templated":true}]}}